{"id":87958,"date":"2025-01-08T17:28:51","date_gmt":"2025-01-08T16:28:51","guid":{"rendered":"https:\/\/studjoow.com\/?page_id=87958"},"modified":"2025-01-08T17:28:51","modified_gmt":"2025-01-08T16:28:51","slug":"texte-footer-blanc","status":"publish","type":"page","link":"https:\/\/studjoow.com\/en\/texte-footer-blanc\/","title":{"rendered":"TEXTE FOOTER BLANC"},"content":{"rendered":"<div class=\"wpb-content-wrapper\"><div data-parent=\"true\" class=\"vc_row row-container mobile-hidden\" id=\"row-unique-0\"><div class=\"row limit-width row-parent\"><div class=\"wpb_row row-inner\"><div class=\"wpb_column pos-top pos-center align_left column_parent col-lg-3 single-internal-gutter\"><div class=\"uncol style-light\"  ><div class=\"uncoltable\"><div class=\"uncell no-block-padding\" ><div class=\"uncont\" ><div class=\"uncode-single-media  text-left\"><div class=\"single-wrapper\" style=\"max-width: 100%;\"><div class=\"tmb tmb-light  tmb-media-first tmb-media-last tmb-content-overlay tmb-no-bg\"><div class=\"t-inside\"><div class=\"t-entry-visual\"><div class=\"t-entry-visual-tc\"><div class=\"uncode-single-media-wrapper\"><div class=\"fluid-svg\"><span id=\"icon-374205\" style=\"width:100%\" class=\"icon-media\"><img decoding=\"async\" src=\"https:\/\/studjoow.com\/wp-content\/uploads\/2025\/01\/Studjoow-Logo-24.svg\" alt=\"\"><\/span><\/div><\/div>\n\t\t\t\t\t<\/div>\n\t\t\t\t<\/div><\/div><\/div><\/div><\/div><\/div><\/div><\/div><\/div><\/div><div class=\"wpb_column pos-middle pos-center align_left column_parent col-lg-9 single-internal-gutter\"><div class=\"uncol style-light\"  ><div class=\"uncoltable\"><div class=\"uncell no-block-padding\" ><div class=\"uncont\" ><div class=\"uncode_text_column\" ><p><span style=\"color: #ffffff;\">Studjoow | Tous droits r\u00e9serv\u00e9s\u00a9 2025 <\/span><br \/>\n<span style=\"color: #ffffff;\"><a style=\"color: #ffffff;\" href=\"tel:+33177384652\">+33 (0)1 77 38 46 52<\/a>\u00a0 |\u00a0 <a style=\"color: #ffffff;\" href=\"tel:+972547009422\">+972 (0)54 700 9422<\/a>\u00a0 |\u00a0\u00a0 <a style=\"color: #ffffff;\" href=\"mailto:hello@studjoow.com\">hello@studjoow.com<\/a> <\/span><br \/>\n<span style=\"color: #ffffff;\"><a style=\"color: #ffffff;\" href=\"https:\/\/studjoow.com\/en\/projets\/\">Projects<\/a>\u00a0 |\u00a0 <a style=\"color: #ffffff;\" href=\"https:\/\/studjoow.com\/en\/blog\/\">Notre blog<\/a>\u00a0 |\u00a0 <a style=\"color: #ffffff;\" href=\"https:\/\/studjoow.com\/en\/rdv\/\">Schedule a Meeting<\/a>\u00a0 |\u00a0 <a style=\"color: #ffffff;\" href=\"https:\/\/studjoow.com\/en\/on-en-parle\/\">Contact us<\/a><\/span><br \/>\n<span style=\"color: #ffffff;\"><a style=\"color: #ffffff;\" href=\"https:\/\/studjoow.com\/en\/mentions-legales\/\">Mentions l\u00e9gales<\/a>\u00a0 |\u00a0 <a style=\"color: #ffffff;\" href=\"https:\/\/studjoow.com\/en\/politique-de-confidentialite\/\">Privacy policy<\/a>\u00a0 |\u00a0 <a style=\"color: #ffffff;\" href=\"https:\/\/studjoow.com\/en\/plan-du-site\/\">Site map<\/a><\/span><\/p>\n<p>\n<\/div><\/div><\/div><\/div><\/div><\/div><script id=\"script-row-unique-0\" data-row=\"script-row-unique-0\" type=\"text\/javascript\" class=\"vc_controls\">UNCODE.initRow(document.getElementById(\"row-unique-0\"));<\/script><\/div><\/div><\/div>\n<\/div>","protected":false},"excerpt":{"rendered":"Studjoow | Tous droits r\u00e9serv\u00e9s\u00a9 2025 +33 (0)1 77 38 46 52\u00a0 |\u00a0 +972 (0)54 700 9422\u00a0 |\u00a0\u00a0 hello@studjoow.com Nos [...]","protected":false},"author":2,"featured_media":0,"parent":0,"menu_order":0,"comment_status":"closed","ping_status":"closed","template":"","meta":{"om_disable_all_campaigns":false,"_monsterinsights_skip_tracking":false,"_monsterinsights_sitenote_active":false,"_monsterinsights_sitenote_note":"","_monsterinsights_sitenote_category":0,"footnotes":""},"class_list":["post-87958","page","type-page","status-publish","hentry"],"yoast_head":"<!-- This site is optimized with the Yoast SEO plugin v27.4 - https:\/\/yoast.com\/product\/yoast-seo-wordpress\/ -->\n<title>TEXTE FOOTER BLANC - Studjoow<\/title>\n<meta name=\"robots\" content=\"index, follow, max-snippet:-1, max-image-preview:large, max-video-preview:-1\" \/>\n<link rel=\"canonical\" href=\"https:\/\/studjoow.com\/en\/texte-footer-blanc\/\" \/>\n<meta property=\"og:locale\" content=\"en_US\" \/>\n<meta property=\"og:type\" content=\"article\" \/>\n<meta property=\"og:title\" content=\"TEXTE FOOTER BLANC - Studjoow\" \/>\n<meta property=\"og:url\" content=\"https:\/\/studjoow.com\/en\/texte-footer-blanc\/\" \/>\n<meta property=\"og:site_name\" content=\"Studjoow\" \/>\n<meta property=\"article:publisher\" content=\"https:\/\/www.facebook.com\/flojoagency\/\" \/>\n<meta name=\"twitter:card\" content=\"summary_large_image\" \/>\n<meta name=\"twitter:site\" content=\"@FlojoAgency\" \/>\n<meta name=\"twitter:label1\" content=\"Est. reading time\" \/>\n\t<meta name=\"twitter:data1\" content=\"1 minute\" \/>\n<script type=\"application\/ld+json\" class=\"yoast-schema-graph\">{\"@context\":\"https:\\\/\\\/schema.org\",\"@graph\":[{\"@type\":\"WebPage\",\"@id\":\"https:\\\/\\\/studjoow.com\\\/texte-footer-blanc\\\/\",\"url\":\"https:\\\/\\\/studjoow.com\\\/texte-footer-blanc\\\/\",\"name\":\"TEXTE FOOTER BLANC - Studjoow\",\"isPartOf\":{\"@id\":\"https:\\\/\\\/studjoow.com\\\/#website\"},\"datePublished\":\"2025-01-08T16:28:51+00:00\",\"breadcrumb\":{\"@id\":\"https:\\\/\\\/studjoow.com\\\/texte-footer-blanc\\\/#breadcrumb\"},\"inLanguage\":\"en-US\",\"potentialAction\":[{\"@type\":\"ReadAction\",\"target\":[\"https:\\\/\\\/studjoow.com\\\/texte-footer-blanc\\\/\"]}]},{\"@type\":\"BreadcrumbList\",\"@id\":\"https:\\\/\\\/studjoow.com\\\/texte-footer-blanc\\\/#breadcrumb\",\"itemListElement\":[{\"@type\":\"ListItem\",\"position\":1,\"name\":\"Accueil\",\"item\":\"https:\\\/\\\/studjoow.com\\\/\"},{\"@type\":\"ListItem\",\"position\":2,\"name\":\"TEXTE FOOTER BLANC\"}]},{\"@type\":\"WebSite\",\"@id\":\"https:\\\/\\\/studjoow.com\\\/#website\",\"url\":\"https:\\\/\\\/studjoow.com\\\/\",\"name\":\"Studjoow\",\"description\":\"Cr\u00e9ez, optimisez, r\u00e9inventez vos id\u00e9es\",\"publisher\":{\"@id\":\"https:\\\/\\\/studjoow.com\\\/#organization\"},\"potentialAction\":[{\"@type\":\"SearchAction\",\"target\":{\"@type\":\"EntryPoint\",\"urlTemplate\":\"https:\\\/\\\/studjoow.com\\\/?s={search_term_string}\"},\"query-input\":{\"@type\":\"PropertyValueSpecification\",\"valueRequired\":true,\"valueName\":\"search_term_string\"}}],\"inLanguage\":\"en-US\"},{\"@type\":\"Organization\",\"@id\":\"https:\\\/\\\/studjoow.com\\\/#organization\",\"name\":\"Studjoow\",\"url\":\"https:\\\/\\\/studjoow.com\\\/\",\"logo\":{\"@type\":\"ImageObject\",\"inLanguage\":\"en-US\",\"@id\":\"https:\\\/\\\/studjoow.com\\\/#\\\/schema\\\/logo\\\/image\\\/\",\"url\":\"https:\\\/\\\/studjoow.com\\\/wp-content\\\/uploads\\\/2025\\\/01\\\/Studjoow-google.png\",\"contentUrl\":\"https:\\\/\\\/studjoow.com\\\/wp-content\\\/uploads\\\/2025\\\/01\\\/Studjoow-google.png\",\"width\":871,\"height\":871,\"caption\":\"Studjoow\"},\"image\":{\"@id\":\"https:\\\/\\\/studjoow.com\\\/#\\\/schema\\\/logo\\\/image\\\/\"},\"sameAs\":[\"https:\\\/\\\/www.facebook.com\\\/flojoagency\\\/\",\"https:\\\/\\\/x.com\\\/FlojoAgency\",\"https:\\\/\\\/www.instagram.com\\\/flojoagency\\\/\",\"https:\\\/\\\/www.linkedin.com\\\/company-beta\\\/13186034\\\/\",\"https:\\\/\\\/www.pinterest.com\\\/flojoagency\"]}]}<\/script>\n<!-- \/ Yoast SEO plugin. -->","yoast_head_json":{"title":"TEXTE FOOTER BLANC - Studjoow","robots":{"index":"index","follow":"follow","max-snippet":"max-snippet:-1","max-image-preview":"max-image-preview:large","max-video-preview":"max-video-preview:-1"},"canonical":"https:\/\/studjoow.com\/en\/texte-footer-blanc\/","og_locale":"en_US","og_type":"article","og_title":"TEXTE FOOTER BLANC - Studjoow","og_url":"https:\/\/studjoow.com\/en\/texte-footer-blanc\/","og_site_name":"Studjoow","article_publisher":"https:\/\/www.facebook.com\/flojoagency\/","twitter_card":"summary_large_image","twitter_site":"@FlojoAgency","twitter_misc":{"Est. reading time":"1 minute"},"schema":{"@context":"https:\/\/schema.org","@graph":[{"@type":"WebPage","@id":"https:\/\/studjoow.com\/texte-footer-blanc\/","url":"https:\/\/studjoow.com\/texte-footer-blanc\/","name":"TEXTE FOOTER BLANC - Studjoow","isPartOf":{"@id":"https:\/\/studjoow.com\/#website"},"datePublished":"2025-01-08T16:28:51+00:00","breadcrumb":{"@id":"https:\/\/studjoow.com\/texte-footer-blanc\/#breadcrumb"},"inLanguage":"en-US","potentialAction":[{"@type":"ReadAction","target":["https:\/\/studjoow.com\/texte-footer-blanc\/"]}]},{"@type":"BreadcrumbList","@id":"https:\/\/studjoow.com\/texte-footer-blanc\/#breadcrumb","itemListElement":[{"@type":"ListItem","position":1,"name":"Accueil","item":"https:\/\/studjoow.com\/"},{"@type":"ListItem","position":2,"name":"TEXTE FOOTER BLANC"}]},{"@type":"WebSite","@id":"https:\/\/studjoow.com\/#website","url":"https:\/\/studjoow.com\/","name":"Studjoow","description":"Cr\u00e9ez, optimisez, r\u00e9inventez vos id\u00e9es","publisher":{"@id":"https:\/\/studjoow.com\/#organization"},"potentialAction":[{"@type":"SearchAction","target":{"@type":"EntryPoint","urlTemplate":"https:\/\/studjoow.com\/?s={search_term_string}"},"query-input":{"@type":"PropertyValueSpecification","valueRequired":true,"valueName":"search_term_string"}}],"inLanguage":"en-US"},{"@type":"Organization","@id":"https:\/\/studjoow.com\/#organization","name":"Studjoow","url":"https:\/\/studjoow.com\/","logo":{"@type":"ImageObject","inLanguage":"en-US","@id":"https:\/\/studjoow.com\/#\/schema\/logo\/image\/","url":"https:\/\/studjoow.com\/wp-content\/uploads\/2025\/01\/Studjoow-google.png","contentUrl":"https:\/\/studjoow.com\/wp-content\/uploads\/2025\/01\/Studjoow-google.png","width":871,"height":871,"caption":"Studjoow"},"image":{"@id":"https:\/\/studjoow.com\/#\/schema\/logo\/image\/"},"sameAs":["https:\/\/www.facebook.com\/flojoagency\/","https:\/\/x.com\/FlojoAgency","https:\/\/www.instagram.com\/flojoagency\/","https:\/\/www.linkedin.com\/company-beta\/13186034\/","https:\/\/www.pinterest.com\/flojoagency"]}]}},"_links":{"self":[{"href":"https:\/\/studjoow.com\/en\/wp-json\/wp\/v2\/pages\/87958","targetHints":{"allow":["GET"]}}],"collection":[{"href":"https:\/\/studjoow.com\/en\/wp-json\/wp\/v2\/pages"}],"about":[{"href":"https:\/\/studjoow.com\/en\/wp-json\/wp\/v2\/types\/page"}],"author":[{"embeddable":true,"href":"https:\/\/studjoow.com\/en\/wp-json\/wp\/v2\/users\/2"}],"replies":[{"embeddable":true,"href":"https:\/\/studjoow.com\/en\/wp-json\/wp\/v2\/comments?post=87958"}],"version-history":[{"count":0,"href":"https:\/\/studjoow.com\/en\/wp-json\/wp\/v2\/pages\/87958\/revisions"}],"wp:attachment":[{"href":"https:\/\/studjoow.com\/en\/wp-json\/wp\/v2\/media?parent=87958"}],"curies":[{"name":"wp","href":"https:\/\/api.w.org\/{rel}","templated":true}]}}