{"id":87616,"date":"2024-03-17T17:22:00","date_gmt":"2024-03-17T16:22:00","guid":{"rendered":"https:\/\/www.flojo.agency\/?page_id=87616"},"modified":"2024-03-18T13:19:03","modified_gmt":"2024-03-18T12:19:03","slug":"plan-du-site","status":"publish","type":"page","link":"https:\/\/studjoow.com\/en\/plan-du-site\/","title":{"rendered":"Site map"},"content":{"rendered":"<div class=\"wpb-content-wrapper\"><div data-parent=\"true\" class=\"vc_row style-color-283245-bg row-container onepage-section\" data-label=\"About Us\" data-name=\"about-us\" id=\"row-unique-0\"><div class=\"row triple-top-padding triple-bottom-padding single-h-padding full-width row-parent\"><div class=\"wpb_row row-inner\"><div class=\"wpb_column pos-middle pos-center align_center column_parent col-lg-12 double-internal-gutter\"><div class=\"uncol style-light\"  ><div class=\"uncoltable\"><div class=\"uncell no-block-padding\" ><div class=\"uncont\" ><div class=\"vc_custom_heading_wrap \"><div class=\"heading-text el-text bottom-t-top animate_when_almost_visible\" data-delay=\"400\"><h1 class=\"fontsize-338686 text-color-375719-color\" ><span>Plan du site<\/span><\/h1><\/div><div class=\"clear\"><\/div><\/div><\/div><\/div><\/div><\/div><\/div><script id=\"script-row-unique-0\" data-row=\"script-row-unique-0\" type=\"text\/javascript\" class=\"vc_controls\">UNCODE.initRow(document.getElementById(\"row-unique-0\"));<\/script><\/div><\/div><\/div><div data-parent=\"true\" class=\"vc_row row-container\" id=\"row-unique-1\"><div class=\"row limit-width row-parent\"><div class=\"wpb_row row-inner\"><div class=\"wpb_column pos-top pos-center align_left column_parent col-lg-12 single-internal-gutter\"><div class=\"uncol style-light\"  ><div class=\"uncoltable\"><div class=\"uncell no-block-padding\" ><div class=\"uncont\" >\n\t<div class=\"wpb_raw_code wpb_raw_html \" >\n\t\t<div class=\"wpb_wrapper\">\n\t\t\t[aioseo_html_sitemap]\n\t\t<\/div>\n\t<\/div>\n<\/div><\/div><\/div><\/div><\/div><script id=\"script-row-unique-1\" data-row=\"script-row-unique-1\" type=\"text\/javascript\" class=\"vc_controls\">UNCODE.initRow(document.getElementById(\"row-unique-1\"));<\/script><\/div><\/div><\/div>\n<\/div>","protected":false},"excerpt":{"rendered":"Plan du site [aioseo_html_sitemap]","protected":false},"author":1,"featured_media":0,"parent":0,"menu_order":0,"comment_status":"closed","ping_status":"closed","template":"","meta":{"om_disable_all_campaigns":false,"_monsterinsights_skip_tracking":false,"_monsterinsights_sitenote_active":false,"_monsterinsights_sitenote_note":"","_monsterinsights_sitenote_category":0,"footnotes":""},"class_list":["post-87616","page","type-page","status-publish","hentry"],"yoast_head":"<!-- This site is optimized with the Yoast SEO plugin v27.5 - https:\/\/yoast.com\/product\/yoast-seo-wordpress\/ -->\n<title>Plan du site - Studjoow<\/title>\n<meta name=\"robots\" content=\"index, follow, max-snippet:-1, max-image-preview:large, max-video-preview:-1\" \/>\n<link rel=\"canonical\" href=\"https:\/\/studjoow.com\/en\/plan-du-site\/\" \/>\n<meta property=\"og:locale\" content=\"en_US\" \/>\n<meta property=\"og:type\" content=\"article\" \/>\n<meta property=\"og:title\" content=\"Plan du site - Studjoow\" \/>\n<meta property=\"og:url\" content=\"https:\/\/studjoow.com\/en\/plan-du-site\/\" \/>\n<meta property=\"og:site_name\" content=\"Studjoow\" \/>\n<meta property=\"article:publisher\" content=\"https:\/\/www.facebook.com\/flojoagency\/\" \/>\n<meta property=\"article:modified_time\" content=\"2024-03-18T12:19:03+00:00\" \/>\n<meta name=\"twitter:card\" content=\"summary_large_image\" \/>\n<meta name=\"twitter:site\" content=\"@FlojoAgency\" \/>\n<meta name=\"twitter:label1\" content=\"Est. reading time\" \/>\n\t<meta name=\"twitter:data1\" content=\"1 minute\" \/>\n<script type=\"application\/ld+json\" class=\"yoast-schema-graph\">{\"@context\":\"https:\\\/\\\/schema.org\",\"@graph\":[{\"@type\":\"WebPage\",\"@id\":\"https:\\\/\\\/studjoow.com\\\/plan-du-site\\\/\",\"url\":\"https:\\\/\\\/studjoow.com\\\/plan-du-site\\\/\",\"name\":\"Plan du site - Studjoow\",\"isPartOf\":{\"@id\":\"https:\\\/\\\/studjoow.com\\\/#website\"},\"datePublished\":\"2024-03-17T16:22:00+00:00\",\"dateModified\":\"2024-03-18T12:19:03+00:00\",\"breadcrumb\":{\"@id\":\"https:\\\/\\\/studjoow.com\\\/plan-du-site\\\/#breadcrumb\"},\"inLanguage\":\"en-US\",\"potentialAction\":[{\"@type\":\"ReadAction\",\"target\":[\"https:\\\/\\\/studjoow.com\\\/plan-du-site\\\/\"]}]},{\"@type\":\"BreadcrumbList\",\"@id\":\"https:\\\/\\\/studjoow.com\\\/plan-du-site\\\/#breadcrumb\",\"itemListElement\":[{\"@type\":\"ListItem\",\"position\":1,\"name\":\"Accueil\",\"item\":\"https:\\\/\\\/studjoow.com\\\/\"},{\"@type\":\"ListItem\",\"position\":2,\"name\":\"Plan du site\"}]},{\"@type\":\"WebSite\",\"@id\":\"https:\\\/\\\/studjoow.com\\\/#website\",\"url\":\"https:\\\/\\\/studjoow.com\\\/\",\"name\":\"Studjoow\",\"description\":\"Cr\u00e9ez, optimisez, r\u00e9inventez vos id\u00e9es\",\"publisher\":{\"@id\":\"https:\\\/\\\/studjoow.com\\\/#organization\"},\"potentialAction\":[{\"@type\":\"SearchAction\",\"target\":{\"@type\":\"EntryPoint\",\"urlTemplate\":\"https:\\\/\\\/studjoow.com\\\/?s={search_term_string}\"},\"query-input\":{\"@type\":\"PropertyValueSpecification\",\"valueRequired\":true,\"valueName\":\"search_term_string\"}}],\"inLanguage\":\"en-US\"},{\"@type\":\"Organization\",\"@id\":\"https:\\\/\\\/studjoow.com\\\/#organization\",\"name\":\"Studjoow\",\"url\":\"https:\\\/\\\/studjoow.com\\\/\",\"logo\":{\"@type\":\"ImageObject\",\"inLanguage\":\"en-US\",\"@id\":\"https:\\\/\\\/studjoow.com\\\/#\\\/schema\\\/logo\\\/image\\\/\",\"url\":\"https:\\\/\\\/studjoow.com\\\/wp-content\\\/uploads\\\/2025\\\/01\\\/Studjoow-google.png\",\"contentUrl\":\"https:\\\/\\\/studjoow.com\\\/wp-content\\\/uploads\\\/2025\\\/01\\\/Studjoow-google.png\",\"width\":871,\"height\":871,\"caption\":\"Studjoow\"},\"image\":{\"@id\":\"https:\\\/\\\/studjoow.com\\\/#\\\/schema\\\/logo\\\/image\\\/\"},\"sameAs\":[\"https:\\\/\\\/www.facebook.com\\\/flojoagency\\\/\",\"https:\\\/\\\/x.com\\\/FlojoAgency\",\"https:\\\/\\\/www.instagram.com\\\/flojoagency\\\/\",\"https:\\\/\\\/www.linkedin.com\\\/company-beta\\\/13186034\\\/\",\"https:\\\/\\\/www.pinterest.com\\\/flojoagency\"]}]}<\/script>\n<!-- \/ Yoast SEO plugin. -->","yoast_head_json":{"title":"Plan du site - Studjoow","robots":{"index":"index","follow":"follow","max-snippet":"max-snippet:-1","max-image-preview":"max-image-preview:large","max-video-preview":"max-video-preview:-1"},"canonical":"https:\/\/studjoow.com\/en\/plan-du-site\/","og_locale":"en_US","og_type":"article","og_title":"Plan du site - Studjoow","og_url":"https:\/\/studjoow.com\/en\/plan-du-site\/","og_site_name":"Studjoow","article_publisher":"https:\/\/www.facebook.com\/flojoagency\/","article_modified_time":"2024-03-18T12:19:03+00:00","twitter_card":"summary_large_image","twitter_site":"@FlojoAgency","twitter_misc":{"Est. reading time":"1 minute"},"schema":{"@context":"https:\/\/schema.org","@graph":[{"@type":"WebPage","@id":"https:\/\/studjoow.com\/plan-du-site\/","url":"https:\/\/studjoow.com\/plan-du-site\/","name":"Plan du site - Studjoow","isPartOf":{"@id":"https:\/\/studjoow.com\/#website"},"datePublished":"2024-03-17T16:22:00+00:00","dateModified":"2024-03-18T12:19:03+00:00","breadcrumb":{"@id":"https:\/\/studjoow.com\/plan-du-site\/#breadcrumb"},"inLanguage":"en-US","potentialAction":[{"@type":"ReadAction","target":["https:\/\/studjoow.com\/plan-du-site\/"]}]},{"@type":"BreadcrumbList","@id":"https:\/\/studjoow.com\/plan-du-site\/#breadcrumb","itemListElement":[{"@type":"ListItem","position":1,"name":"Accueil","item":"https:\/\/studjoow.com\/"},{"@type":"ListItem","position":2,"name":"Plan du site"}]},{"@type":"WebSite","@id":"https:\/\/studjoow.com\/#website","url":"https:\/\/studjoow.com\/","name":"Studjoow","description":"Cr\u00e9ez, optimisez, r\u00e9inventez vos id\u00e9es","publisher":{"@id":"https:\/\/studjoow.com\/#organization"},"potentialAction":[{"@type":"SearchAction","target":{"@type":"EntryPoint","urlTemplate":"https:\/\/studjoow.com\/?s={search_term_string}"},"query-input":{"@type":"PropertyValueSpecification","valueRequired":true,"valueName":"search_term_string"}}],"inLanguage":"en-US"},{"@type":"Organization","@id":"https:\/\/studjoow.com\/#organization","name":"Studjoow","url":"https:\/\/studjoow.com\/","logo":{"@type":"ImageObject","inLanguage":"en-US","@id":"https:\/\/studjoow.com\/#\/schema\/logo\/image\/","url":"https:\/\/studjoow.com\/wp-content\/uploads\/2025\/01\/Studjoow-google.png","contentUrl":"https:\/\/studjoow.com\/wp-content\/uploads\/2025\/01\/Studjoow-google.png","width":871,"height":871,"caption":"Studjoow"},"image":{"@id":"https:\/\/studjoow.com\/#\/schema\/logo\/image\/"},"sameAs":["https:\/\/www.facebook.com\/flojoagency\/","https:\/\/x.com\/FlojoAgency","https:\/\/www.instagram.com\/flojoagency\/","https:\/\/www.linkedin.com\/company-beta\/13186034\/","https:\/\/www.pinterest.com\/flojoagency"]}]}},"_links":{"self":[{"href":"https:\/\/studjoow.com\/en\/wp-json\/wp\/v2\/pages\/87616","targetHints":{"allow":["GET"]}}],"collection":[{"href":"https:\/\/studjoow.com\/en\/wp-json\/wp\/v2\/pages"}],"about":[{"href":"https:\/\/studjoow.com\/en\/wp-json\/wp\/v2\/types\/page"}],"author":[{"embeddable":true,"href":"https:\/\/studjoow.com\/en\/wp-json\/wp\/v2\/users\/1"}],"replies":[{"embeddable":true,"href":"https:\/\/studjoow.com\/en\/wp-json\/wp\/v2\/comments?post=87616"}],"version-history":[{"count":0,"href":"https:\/\/studjoow.com\/en\/wp-json\/wp\/v2\/pages\/87616\/revisions"}],"wp:attachment":[{"href":"https:\/\/studjoow.com\/en\/wp-json\/wp\/v2\/media?parent=87616"}],"curies":[{"name":"wp","href":"https:\/\/api.w.org\/{rel}","templated":true}]}}