{"id":83685,"date":"2020-03-11T16:26:34","date_gmt":"2020-03-11T15:26:34","guid":{"rendered":"http:\/\/2020.flojoagency.com\/?page_id=83685"},"modified":"2022-12-08T17:06:55","modified_gmt":"2022-12-08T16:06:55","slug":"lplogo","status":"publish","type":"page","link":"https:\/\/studjoow.com\/en\/lplogo\/","title":{"rendered":"Landing Page Logo"},"content":{"rendered":"<div class=\"wpb-content-wrapper\"><div data-parent=\"true\" class=\"vc_row style-color-375719-bg row-container\" id=\"row-unique-0\"><div class=\"row-background background-element\">\n\t\t\t\t\t\t\t\t\t\t\t<div class=\"background-wrapper\">\n\t\t\t\t\t\t\t\t\t\t\t\t<div class=\"background-inner\" style=\"background-image: url(https:\/\/studjoow.com\/wp-content\/uploads\/2020\/02\/049_Projet_FlojoAgency.jpg);background-repeat: no-repeat;background-position: center center;background-attachment: scroll;background-size: cover;\"><\/div>\n\t\t\t\t\t\t\t\t\t\t\t\t<div class=\"block-bg-overlay style-color-375719-bg\" style=\"opacity: 0.79;\"><\/div>\n\t\t\t\t\t\t\t\t\t\t\t<\/div>\n\t\t\t\t\t\t\t\t\t\t<\/div><div class=\"row quad-top-padding quad-bottom-padding single-h-padding limit-width row-parent\" data-height-ratio=\"full\"><div class=\"wpb_row row-inner\"><div class=\"wpb_column pos-middle pos-center align_left column_parent col-lg-12 single-internal-gutter\"><div class=\"uncol style-light\"  ><div class=\"uncoltable\"><div class=\"uncell no-block-padding unshadow-lg\" ><div class=\"uncont\" ><div class=\"vc_row row-internal row-container\"><div class=\"row unequal col-no-gutter row-child\"><div class=\"wpb_row row-inner\"><div class=\"wpb_column pos-middle pos-center align_left column_child col-lg-6 single-internal-gutter\"><div class=\"uncol style-light\" ><div class=\"uncoltable\"><div class=\"uncell triple-block-padding style-color-xsdn-bg\" ><div class=\"uncont\" ><div class=\"vc_custom_heading_wrap \"><div class=\"heading-text el-text\" ><h3 class=\"fontsize-155944\" ><span>Cadeau de bienvenue !<\/span><\/h3><\/div><div class=\"clear\"><\/div><\/div><div class=\"uncode_text_column\" ><p><span id=\"p27\">Merci d&rsquo;avoir cliqu\u00e9 sur le lien pour obtenir en cadeau le guide explicatif des logos.<\/span><span id=\"p28\">\u00a0Lorsque nous vous cr\u00e9ons un logo, nous vous envoyons plusieurs\u00a0formats diff\u00e9rents ;<\/span><span id=\"p29\">\u00a0ce document vous explique \u00e0 quel moment vous devez utiliser quel logo et il vous permettra de comprendre les diff\u00e9rences entre les formats envoy\u00e9s.<\/span><br \/>\n<span id=\"p30\">Bonne lecture !<\/span><\/p>\n<\/div>[ninja_form id=\u00a0\u00bb7&Prime;]<\/div><\/div><\/div><\/div><\/div><div class=\"wpb_column pos-top pos-center align_left column_child col-lg-6 single-internal-gutter\"><div class=\"uncol style-light\" ><div class=\"uncoltable\"><div class=\"uncell single-block-padding\" ><div class=\"column-background background-element\">\n\t\t\t\t\t\t\t\t\t\t\t<div class=\"background-wrapper\">\n\t\t\t\t\t\t\t\t\t\t\t\t<div class=\"background-inner\" style=\"background-image: url(https:\/\/studjoow.com\/wp-content\/uploads\/2020\/03\/Perspective-presentation-Web-MockUp04-MainFiles.jpg);background-repeat: no-repeat;background-position: center center;background-size: cover;\" data-o_src=\"https:\/\/studjoow.com\/wp-content\/uploads\/2020\/03\/Perspective-presentation-Web-MockUp04-MainFiles.jpg\"><\/div>\n\t\t\t\t\t\t\t\t\t\t\t\t\n\t\t\t\t\t\t\t\t\t\t\t<\/div>\n\t\t\t\t\t\t\t\t\t\t<\/div><div class=\"uncont\" ><\/div><\/div><\/div><\/div><\/div><\/div><\/div><\/div><\/div><\/div><\/div><\/div><\/div><script id=\"script-row-unique-0\" data-row=\"script-row-unique-0\" type=\"text\/javascript\" class=\"vc_controls\">UNCODE.initRow(document.getElementById(\"row-unique-0\"));<\/script><\/div><\/div><\/div>\n<\/div>","protected":false},"excerpt":{"rendered":"Cadeau de bienvenue !Merci d&rsquo;avoir cliqu\u00e9 sur le lien pour obtenir en cadeau le guide explicatif des logos.\u00a0Lorsque nous vous [...]","protected":false},"author":1,"featured_media":0,"parent":0,"menu_order":0,"comment_status":"closed","ping_status":"closed","template":"","meta":{"om_disable_all_campaigns":false,"_monsterinsights_skip_tracking":false,"_monsterinsights_sitenote_active":false,"_monsterinsights_sitenote_note":"","_monsterinsights_sitenote_category":0,"footnotes":""},"class_list":["post-83685","page","type-page","status-publish","hentry"],"yoast_head":"<!-- This site is optimized with the Yoast SEO plugin v27.5 - https:\/\/yoast.com\/product\/yoast-seo-wordpress\/ -->\n<title>Landing Page Logo - Studjoow<\/title>\n<meta name=\"robots\" content=\"index, follow, max-snippet:-1, max-image-preview:large, max-video-preview:-1\" \/>\n<link rel=\"canonical\" href=\"https:\/\/studjoow.com\/en\/lplogo\/\" \/>\n<meta property=\"og:locale\" content=\"en_US\" \/>\n<meta property=\"og:type\" content=\"article\" \/>\n<meta property=\"og:title\" content=\"Landing Page Logo - Studjoow\" \/>\n<meta property=\"og:url\" content=\"https:\/\/studjoow.com\/en\/lplogo\/\" \/>\n<meta property=\"og:site_name\" content=\"Studjoow\" \/>\n<meta property=\"article:publisher\" content=\"https:\/\/www.facebook.com\/flojoagency\/\" \/>\n<meta property=\"article:modified_time\" content=\"2022-12-08T16:06:55+00:00\" \/>\n<meta name=\"twitter:card\" content=\"summary_large_image\" \/>\n<meta name=\"twitter:site\" content=\"@FlojoAgency\" \/>\n<meta name=\"twitter:label1\" content=\"Est. reading time\" \/>\n\t<meta name=\"twitter:data1\" content=\"1 minute\" \/>\n<script type=\"application\/ld+json\" class=\"yoast-schema-graph\">{\"@context\":\"https:\\\/\\\/schema.org\",\"@graph\":[{\"@type\":\"WebPage\",\"@id\":\"https:\\\/\\\/studjoow.com\\\/lplogo\\\/\",\"url\":\"https:\\\/\\\/studjoow.com\\\/lplogo\\\/\",\"name\":\"Landing Page Logo - Studjoow\",\"isPartOf\":{\"@id\":\"https:\\\/\\\/studjoow.com\\\/#website\"},\"datePublished\":\"2020-03-11T15:26:34+00:00\",\"dateModified\":\"2022-12-08T16:06:55+00:00\",\"breadcrumb\":{\"@id\":\"https:\\\/\\\/studjoow.com\\\/lplogo\\\/#breadcrumb\"},\"inLanguage\":\"en-US\",\"potentialAction\":[{\"@type\":\"ReadAction\",\"target\":[\"https:\\\/\\\/studjoow.com\\\/lplogo\\\/\"]}]},{\"@type\":\"BreadcrumbList\",\"@id\":\"https:\\\/\\\/studjoow.com\\\/lplogo\\\/#breadcrumb\",\"itemListElement\":[{\"@type\":\"ListItem\",\"position\":1,\"name\":\"Accueil\",\"item\":\"https:\\\/\\\/studjoow.com\\\/\"},{\"@type\":\"ListItem\",\"position\":2,\"name\":\"Landing Page Logo\"}]},{\"@type\":\"WebSite\",\"@id\":\"https:\\\/\\\/studjoow.com\\\/#website\",\"url\":\"https:\\\/\\\/studjoow.com\\\/\",\"name\":\"Studjoow\",\"description\":\"Cr\u00e9ez, optimisez, r\u00e9inventez vos id\u00e9es\",\"publisher\":{\"@id\":\"https:\\\/\\\/studjoow.com\\\/#organization\"},\"potentialAction\":[{\"@type\":\"SearchAction\",\"target\":{\"@type\":\"EntryPoint\",\"urlTemplate\":\"https:\\\/\\\/studjoow.com\\\/?s={search_term_string}\"},\"query-input\":{\"@type\":\"PropertyValueSpecification\",\"valueRequired\":true,\"valueName\":\"search_term_string\"}}],\"inLanguage\":\"en-US\"},{\"@type\":\"Organization\",\"@id\":\"https:\\\/\\\/studjoow.com\\\/#organization\",\"name\":\"Studjoow\",\"url\":\"https:\\\/\\\/studjoow.com\\\/\",\"logo\":{\"@type\":\"ImageObject\",\"inLanguage\":\"en-US\",\"@id\":\"https:\\\/\\\/studjoow.com\\\/#\\\/schema\\\/logo\\\/image\\\/\",\"url\":\"https:\\\/\\\/studjoow.com\\\/wp-content\\\/uploads\\\/2025\\\/01\\\/Studjoow-google.png\",\"contentUrl\":\"https:\\\/\\\/studjoow.com\\\/wp-content\\\/uploads\\\/2025\\\/01\\\/Studjoow-google.png\",\"width\":871,\"height\":871,\"caption\":\"Studjoow\"},\"image\":{\"@id\":\"https:\\\/\\\/studjoow.com\\\/#\\\/schema\\\/logo\\\/image\\\/\"},\"sameAs\":[\"https:\\\/\\\/www.facebook.com\\\/flojoagency\\\/\",\"https:\\\/\\\/x.com\\\/FlojoAgency\",\"https:\\\/\\\/www.instagram.com\\\/flojoagency\\\/\",\"https:\\\/\\\/www.linkedin.com\\\/company-beta\\\/13186034\\\/\",\"https:\\\/\\\/www.pinterest.com\\\/flojoagency\"]}]}<\/script>\n<!-- \/ Yoast SEO plugin. -->","yoast_head_json":{"title":"Landing Page Logo - Studjoow","robots":{"index":"index","follow":"follow","max-snippet":"max-snippet:-1","max-image-preview":"max-image-preview:large","max-video-preview":"max-video-preview:-1"},"canonical":"https:\/\/studjoow.com\/en\/lplogo\/","og_locale":"en_US","og_type":"article","og_title":"Landing Page Logo - Studjoow","og_url":"https:\/\/studjoow.com\/en\/lplogo\/","og_site_name":"Studjoow","article_publisher":"https:\/\/www.facebook.com\/flojoagency\/","article_modified_time":"2022-12-08T16:06:55+00:00","twitter_card":"summary_large_image","twitter_site":"@FlojoAgency","twitter_misc":{"Est. reading time":"1 minute"},"schema":{"@context":"https:\/\/schema.org","@graph":[{"@type":"WebPage","@id":"https:\/\/studjoow.com\/lplogo\/","url":"https:\/\/studjoow.com\/lplogo\/","name":"Landing Page Logo - Studjoow","isPartOf":{"@id":"https:\/\/studjoow.com\/#website"},"datePublished":"2020-03-11T15:26:34+00:00","dateModified":"2022-12-08T16:06:55+00:00","breadcrumb":{"@id":"https:\/\/studjoow.com\/lplogo\/#breadcrumb"},"inLanguage":"en-US","potentialAction":[{"@type":"ReadAction","target":["https:\/\/studjoow.com\/lplogo\/"]}]},{"@type":"BreadcrumbList","@id":"https:\/\/studjoow.com\/lplogo\/#breadcrumb","itemListElement":[{"@type":"ListItem","position":1,"name":"Accueil","item":"https:\/\/studjoow.com\/"},{"@type":"ListItem","position":2,"name":"Landing Page Logo"}]},{"@type":"WebSite","@id":"https:\/\/studjoow.com\/#website","url":"https:\/\/studjoow.com\/","name":"Studjoow","description":"Cr\u00e9ez, optimisez, r\u00e9inventez vos id\u00e9es","publisher":{"@id":"https:\/\/studjoow.com\/#organization"},"potentialAction":[{"@type":"SearchAction","target":{"@type":"EntryPoint","urlTemplate":"https:\/\/studjoow.com\/?s={search_term_string}"},"query-input":{"@type":"PropertyValueSpecification","valueRequired":true,"valueName":"search_term_string"}}],"inLanguage":"en-US"},{"@type":"Organization","@id":"https:\/\/studjoow.com\/#organization","name":"Studjoow","url":"https:\/\/studjoow.com\/","logo":{"@type":"ImageObject","inLanguage":"en-US","@id":"https:\/\/studjoow.com\/#\/schema\/logo\/image\/","url":"https:\/\/studjoow.com\/wp-content\/uploads\/2025\/01\/Studjoow-google.png","contentUrl":"https:\/\/studjoow.com\/wp-content\/uploads\/2025\/01\/Studjoow-google.png","width":871,"height":871,"caption":"Studjoow"},"image":{"@id":"https:\/\/studjoow.com\/#\/schema\/logo\/image\/"},"sameAs":["https:\/\/www.facebook.com\/flojoagency\/","https:\/\/x.com\/FlojoAgency","https:\/\/www.instagram.com\/flojoagency\/","https:\/\/www.linkedin.com\/company-beta\/13186034\/","https:\/\/www.pinterest.com\/flojoagency"]}]}},"_links":{"self":[{"href":"https:\/\/studjoow.com\/en\/wp-json\/wp\/v2\/pages\/83685","targetHints":{"allow":["GET"]}}],"collection":[{"href":"https:\/\/studjoow.com\/en\/wp-json\/wp\/v2\/pages"}],"about":[{"href":"https:\/\/studjoow.com\/en\/wp-json\/wp\/v2\/types\/page"}],"author":[{"embeddable":true,"href":"https:\/\/studjoow.com\/en\/wp-json\/wp\/v2\/users\/1"}],"replies":[{"embeddable":true,"href":"https:\/\/studjoow.com\/en\/wp-json\/wp\/v2\/comments?post=83685"}],"version-history":[{"count":0,"href":"https:\/\/studjoow.com\/en\/wp-json\/wp\/v2\/pages\/83685\/revisions"}],"wp:attachment":[{"href":"https:\/\/studjoow.com\/en\/wp-json\/wp\/v2\/media?parent=83685"}],"curies":[{"name":"wp","href":"https:\/\/api.w.org\/{rel}","templated":true}]}}