{"id":83478,"date":"2020-02-29T22:59:00","date_gmt":"2020-02-29T21:59:00","guid":{"rendered":"http:\/\/2020.flojoagency.com\/?page_id=83478"},"modified":"2020-10-18T12:18:13","modified_gmt":"2020-10-18T10:18:13","slug":"politique-de-confidentialite","status":"publish","type":"page","link":"https:\/\/studjoow.com\/en\/politique-de-confidentialite\/","title":{"rendered":"Privacy policy"},"content":{"rendered":"<div class=\"wpb-content-wrapper\"><div data-parent=\"true\" class=\"vc_row row-container onepage-section\" data-label=\"About Us\" data-name=\"about-us\" id=\"row-unique-0\"><div class=\"row-background background-element\">\n\t\t\t\t\t\t\t\t\t\t\t<div class=\"background-wrapper\">\n\t\t\t\t\t\t\t\t\t\t\t\t<div class=\"background-inner\" style=\"background-image: url(https:\/\/studjoow.com\/wp-content\/uploads\/2020\/02\/Fond-ecran-site-2020.jpg);background-repeat: no-repeat;background-position: center center;background-attachment: scroll;background-size: cover;\"><\/div>\n\t\t\t\t\t\t\t\t\t\t\t\t\n\t\t\t\t\t\t\t\t\t\t\t<\/div>\n\t\t\t\t\t\t\t\t\t\t<\/div><div class=\"row exa-top-padding exa-bottom-padding single-h-padding full-width row-parent\"><div class=\"wpb_row row-inner\"><div class=\"wpb_column pos-middle pos-center align_center column_parent col-lg-12 double-internal-gutter\"><div class=\"uncol style-light\"  ><div class=\"uncoltable\"><div class=\"uncell no-block-padding\" ><div class=\"uncont\" ><div class=\"vc_custom_heading_wrap\"><div class=\"heading-text el-text bottom-t-top animate_when_almost_visible\" data-delay=\"400\"><h1 class=\"fontsize-338686 text-color-xsdn-color\" ><span>Privacy policy<\/span><\/h1><\/div><div class=\"clear\"><\/div><\/div><\/div><\/div><\/div><\/div><\/div><script id=\"script-row-unique-0\" data-row=\"script-row-unique-0\" type=\"text\/javascript\" class=\"vc_controls\">UNCODE.initRow(document.getElementById(\"row-unique-0\"));<\/script><\/div><\/div><\/div><div data-parent=\"true\" class=\"vc_row row-container\" id=\"row-unique-1\"><div class=\"row limit-width row-parent\"><div class=\"wpb_row row-inner\"><div class=\"wpb_column pos-top pos-center align_left column_parent col-lg-12 single-internal-gutter\"><div class=\"uncol style-light\"  ><div class=\"uncoltable\"><div class=\"uncell no-block-padding\" ><div class=\"uncont\" ><div class=\"uncode_text_column\" ><\/p>\n<div id=\"dslc-module-1b3b908b1f6\" class=\"dslc-module-front dslc-module-DSLC_Text_Simple dslc-in-viewport-check dslc-in-viewport-anim-none dslc-col dslc-10-col dslc-module-handle-like-regular dslc-in-viewport\" data-module-id=\"1b3b908b1f6\" data-module=\"DSLC_Text_Simple\" data-dslc-module-size=\"10\" data-dslc-anim=\"none\" data-dslc-anim-delay=\"\" data-dslc-anim-duration=\"650\" data-dslc-anim-easing=\"ease\" data-dslc-preset=\"none\">\n<div class=\"dslc-text-module-content\">\n<div class=\"site-main\">\n<div id=\"content\" class=\"site-content\" role=\"main\">\n<article id=\"post-3\" class=\"post-3 page type-page status-publish hentry\">\n<div class=\"entry-content\">\n<div class=\"dslc-code-empty-content dslc-modules-section-wrapper dslc-clearfix\">\n<div id=\"dslc-theme-content\">\n<div id=\"dslc-theme-content-inner\">\n<h2>Qui sommes-nous\u00a0?<\/h2>\n<p>L\u2019adresse de notre site web est : https:\/\/studjoow.com.<\/p>\n<h2>Utilisation des donn\u00e9es personnelles collect\u00e9es<\/h2>\n<h3>Commentaires<\/h3>\n<p>Quand vous laissez un commentaire sur notre site web, les donn\u00e9es inscrites dans le formulaire de commentaire, mais aussi votre adresse IP et l\u2019agent utilisateur de votre navigateur sont collect\u00e9s pour nous aider \u00e0 la d\u00e9tection des commentaires ind\u00e9sirables.<\/p>\n<p>Une cha\u00eene anonymis\u00e9e cr\u00e9\u00e9e \u00e0 partir de votre adresse de messagerie (\u00e9galement appel\u00e9e hash) peut \u00eatre envoy\u00e9e au service Gravatar pour v\u00e9rifier si vous utilisez ce dernier. Les clauses de confidentialit\u00e9 du service Gravatar sont disponibles ici\u00a0: https:\/\/automattic.com\/privacy\/. Apr\u00e8s validation de votre commentaire, votre photo de profil sera visible publiquement \u00e0 cot\u00e9 de votre commentaire.<\/p>\n<h3>M\u00e9dias<\/h3>\n<p>Si vous \u00eates un utilisateur ou une utilisatrice enregistr\u00e9\u00b7e et que vous t\u00e9l\u00e9versez des images sur le site web, nous vous conseillons d\u2019\u00e9viter de t\u00e9l\u00e9verser des images contenant des donn\u00e9es EXIF de coordonn\u00e9es GPS. Les visiteurs de votre site web peuvent t\u00e9l\u00e9charger et extraire des donn\u00e9es de localisation depuis ces images.<\/p>\n<h3>Formulaires de contact<\/h3>\n<h3>Cookies<\/h3>\n<p>Si vous d\u00e9posez un commentaire sur notre site, il vous sera propos\u00e9 d\u2019enregistrer votre nom, adresse de messagerie et site web dans des cookies. C\u2019est uniquement pour votre confort afin de ne pas avoir \u00e0 saisir ces informations si vous d\u00e9posez un autre commentaire plus tard. Ces cookies expirent au bout d\u2019un an.<\/p>\n<p>Si vous avez un compte et que vous vous connectez sur ce site, un cookie temporaire sera cr\u00e9\u00e9 afin de d\u00e9terminer si votre navigateur accepte les cookies. Il ne contient pas de donn\u00e9es personnelles et sera supprim\u00e9 automatiquement \u00e0 la fermeture de votre navigateur.<\/p>\n<p>Lorsque vous vous connecterez, nous mettrons en place un certain nombre de cookies pour enregistrer vos informations de connexion et vos pr\u00e9f\u00e9rences d\u2019\u00e9cran. La dur\u00e9e de vie d\u2019un cookie de connexion est de deux jours, celle d\u2019un cookie d\u2019option d\u2019\u00e9cran est d\u2019un an. Si vous cochez \u00ab\u00a0Se souvenir de moi\u00a0\u00bb, votre cookie de connexion sera conserv\u00e9 pendant deux semaines. Si vous vous d\u00e9connectez de votre compte, le cookie de connexion sera effac\u00e9.<\/p>\n<p>En modifiant ou en publiant une publication, un cookie suppl\u00e9mentaire sera enregistr\u00e9 dans votre navigateur. Ce cookie ne comprend aucune donn\u00e9e personnelle. Il indique simplement l\u2019ID de la publication que vous venez de modifier. Il expire au bout d\u2019un jour.<\/p>\n<h3>Contenu embarqu\u00e9 depuis d\u2019autres sites<\/h3>\n<p>Les articles de ce site peuvent inclure des contenus int\u00e9gr\u00e9s (par exemple des vid\u00e9os, images, articles\u2026). Le contenu int\u00e9gr\u00e9 depuis d\u2019autres sites se comporte de la m\u00eame mani\u00e8re que si le visiteur se rendait sur cet autre site.<\/p>\n<p>Ces sites web pourraient collecter des donn\u00e9es sur vous, utiliser des cookies, embarquer des outils de suivis tiers, suivre vos interactions avec ces contenus embarqu\u00e9s si vous disposez d\u2019un compte connect\u00e9 sur leur site web.<\/p>\n<h3>Statistiques et mesures d\u2019audience<\/h3>\n<h2>Utilisation et transmission de vos donn\u00e9es personnelles<\/h2>\n<h2>Dur\u00e9es de stockage de vos donn\u00e9es<\/h2>\n<p>Si vous laissez un commentaire, le commentaire et ses m\u00e9tadonn\u00e9es sont conserv\u00e9s ind\u00e9finiment. Cela permet de reconna\u00eetre et approuver automatiquement les commentaires suivants au lieu de les laisser dans la file de mod\u00e9ration.<\/p>\n<p>Pour les utilisateurs et utilisatrices qui s\u2019enregistrent sur notre site (si cela est possible), nous stockons \u00e9galement les donn\u00e9es personnelles indiqu\u00e9es dans leur profil. Tous les utilisateurs et utilisatrices peuvent voir, modifier ou supprimer leurs informations personnelles \u00e0 tout moment (\u00e0 l\u2019exception de leur nom d\u2019utilisateur\u00b7ice). Les gestionnaires du site peuvent aussi voir et modifier ces informations.<\/p>\n<h2>Les droits que vous avez sur vos donn\u00e9es<\/h2>\n<p>Si vous avez un compte ou si vous avez laiss\u00e9 des commentaires sur le site, vous pouvez demander \u00e0 recevoir un fichier contenant toutes les donn\u00e9es personnelles que nous poss\u00e9dons \u00e0 votre sujet, incluant celles que vous nous avez fournies. Vous pouvez \u00e9galement demander la suppression des donn\u00e9es personnelles vous concernant. Cela ne prend pas en compte les donn\u00e9es stock\u00e9es \u00e0 des fins administratives, l\u00e9gales ou pour des raisons de s\u00e9curit\u00e9.<\/p>\n<h2>Transmission de vos donn\u00e9es personnelles<\/h2>\n<p>Les commentaires des visiteurs peuvent \u00eatre v\u00e9rifi\u00e9s \u00e0 l\u2019aide d\u2019un service automatis\u00e9 de d\u00e9tection des commentaires ind\u00e9sirables.<\/p>\n<\/div>\n<\/div>\n<\/div>\n<\/div>\n<\/article>\n<\/div>\n<\/div>\n<\/div>\n<\/div>\n<p>\n<\/div><div class=\"empty-space empty-single\" ><span class=\"empty-space-inner\"><\/span><\/div>\n<\/div><\/div><\/div><\/div><\/div><script id=\"script-row-unique-1\" data-row=\"script-row-unique-1\" type=\"text\/javascript\" class=\"vc_controls\">UNCODE.initRow(document.getElementById(\"row-unique-1\"));<\/script><\/div><\/div><\/div>\n<\/div>","protected":false},"excerpt":{"rendered":"Politique de confidentialit\u00e9 Qui sommes-nous\u00a0? L\u2019adresse de notre site web est : https:\/\/studjoow.com. Utilisation des donn\u00e9es personnelles collect\u00e9es Commentaires Quand [...]","protected":false},"author":1,"featured_media":85720,"parent":0,"menu_order":0,"comment_status":"closed","ping_status":"closed","template":"","meta":{"om_disable_all_campaigns":false,"_monsterinsights_skip_tracking":false,"_monsterinsights_sitenote_active":false,"_monsterinsights_sitenote_note":"","_monsterinsights_sitenote_category":0,"footnotes":""},"class_list":["post-83478","page","type-page","status-publish","has-post-thumbnail","hentry"],"yoast_head":"<!-- This site is optimized with the Yoast SEO plugin v27.5 - https:\/\/yoast.com\/product\/yoast-seo-wordpress\/ -->\n<title>Politique de confidentialit\u00e9 - Studjoow<\/title>\n<meta name=\"description\" content=\"Page pas tr\u00e8s interessant mais obligatoire. Pour voir la liste des pages indispensable pour votre site, contactez-nous !\" \/>\n<meta name=\"robots\" content=\"index, follow, max-snippet:-1, max-image-preview:large, max-video-preview:-1\" \/>\n<link rel=\"canonical\" href=\"https:\/\/studjoow.com\/en\/politique-de-confidentialite\/\" \/>\n<meta property=\"og:locale\" content=\"en_US\" \/>\n<meta property=\"og:type\" content=\"article\" \/>\n<meta property=\"og:title\" content=\"Politique de confidentialit\u00e9 - Studjoow\" \/>\n<meta property=\"og:description\" content=\"Page pas tr\u00e8s interessant mais obligatoire. Pour voir la liste des pages indispensable pour votre site, contactez-nous !\" \/>\n<meta property=\"og:url\" content=\"https:\/\/studjoow.com\/en\/politique-de-confidentialite\/\" \/>\n<meta property=\"og:site_name\" content=\"Studjoow\" \/>\n<meta property=\"article:publisher\" content=\"https:\/\/www.facebook.com\/flojoagency\/\" \/>\n<meta property=\"article:modified_time\" content=\"2020-10-18T10:18:13+00:00\" \/>\n<meta name=\"twitter:card\" content=\"summary_large_image\" \/>\n<meta name=\"twitter:site\" content=\"@FlojoAgency\" \/>\n<meta name=\"twitter:label1\" content=\"Est. reading time\" \/>\n\t<meta name=\"twitter:data1\" content=\"4 minutes\" \/>\n<script type=\"application\/ld+json\" class=\"yoast-schema-graph\">{\"@context\":\"https:\\\/\\\/schema.org\",\"@graph\":[{\"@type\":\"WebPage\",\"@id\":\"https:\\\/\\\/studjoow.com\\\/politique-de-confidentialite\\\/\",\"url\":\"https:\\\/\\\/studjoow.com\\\/politique-de-confidentialite\\\/\",\"name\":\"Politique de confidentialit\u00e9 - Studjoow\",\"isPartOf\":{\"@id\":\"https:\\\/\\\/studjoow.com\\\/#website\"},\"primaryImageOfPage\":{\"@id\":\"https:\\\/\\\/studjoow.com\\\/politique-de-confidentialite\\\/#primaryimage\"},\"image\":{\"@id\":\"https:\\\/\\\/studjoow.com\\\/politique-de-confidentialite\\\/#primaryimage\"},\"thumbnailUrl\":\"https:\\\/\\\/studjoow.com\\\/wp-content\\\/uploads\\\/2020\\\/10\\\/Logo-Flojo-Picto-Noir.svg\",\"datePublished\":\"2020-02-29T21:59:00+00:00\",\"dateModified\":\"2020-10-18T10:18:13+00:00\",\"description\":\"Page pas tr\u00e8s interessant mais obligatoire. Pour voir la liste des pages indispensable pour votre site, contactez-nous !\",\"breadcrumb\":{\"@id\":\"https:\\\/\\\/studjoow.com\\\/politique-de-confidentialite\\\/#breadcrumb\"},\"inLanguage\":\"en-US\",\"potentialAction\":[{\"@type\":\"ReadAction\",\"target\":[\"https:\\\/\\\/studjoow.com\\\/politique-de-confidentialite\\\/\"]}]},{\"@type\":\"ImageObject\",\"inLanguage\":\"en-US\",\"@id\":\"https:\\\/\\\/studjoow.com\\\/politique-de-confidentialite\\\/#primaryimage\",\"url\":\"https:\\\/\\\/studjoow.com\\\/wp-content\\\/uploads\\\/2020\\\/10\\\/Logo-Flojo-Picto-Noir.svg\",\"contentUrl\":\"https:\\\/\\\/studjoow.com\\\/wp-content\\\/uploads\\\/2020\\\/10\\\/Logo-Flojo-Picto-Noir.svg\"},{\"@type\":\"BreadcrumbList\",\"@id\":\"https:\\\/\\\/studjoow.com\\\/politique-de-confidentialite\\\/#breadcrumb\",\"itemListElement\":[{\"@type\":\"ListItem\",\"position\":1,\"name\":\"Accueil\",\"item\":\"https:\\\/\\\/studjoow.com\\\/\"},{\"@type\":\"ListItem\",\"position\":2,\"name\":\"Politique de confidentialit\u00e9\"}]},{\"@type\":\"WebSite\",\"@id\":\"https:\\\/\\\/studjoow.com\\\/#website\",\"url\":\"https:\\\/\\\/studjoow.com\\\/\",\"name\":\"Studjoow\",\"description\":\"Cr\u00e9ez, optimisez, r\u00e9inventez vos id\u00e9es\",\"publisher\":{\"@id\":\"https:\\\/\\\/studjoow.com\\\/#organization\"},\"potentialAction\":[{\"@type\":\"SearchAction\",\"target\":{\"@type\":\"EntryPoint\",\"urlTemplate\":\"https:\\\/\\\/studjoow.com\\\/?s={search_term_string}\"},\"query-input\":{\"@type\":\"PropertyValueSpecification\",\"valueRequired\":true,\"valueName\":\"search_term_string\"}}],\"inLanguage\":\"en-US\"},{\"@type\":\"Organization\",\"@id\":\"https:\\\/\\\/studjoow.com\\\/#organization\",\"name\":\"Studjoow\",\"url\":\"https:\\\/\\\/studjoow.com\\\/\",\"logo\":{\"@type\":\"ImageObject\",\"inLanguage\":\"en-US\",\"@id\":\"https:\\\/\\\/studjoow.com\\\/#\\\/schema\\\/logo\\\/image\\\/\",\"url\":\"https:\\\/\\\/studjoow.com\\\/wp-content\\\/uploads\\\/2025\\\/01\\\/Studjoow-google.png\",\"contentUrl\":\"https:\\\/\\\/studjoow.com\\\/wp-content\\\/uploads\\\/2025\\\/01\\\/Studjoow-google.png\",\"width\":871,\"height\":871,\"caption\":\"Studjoow\"},\"image\":{\"@id\":\"https:\\\/\\\/studjoow.com\\\/#\\\/schema\\\/logo\\\/image\\\/\"},\"sameAs\":[\"https:\\\/\\\/www.facebook.com\\\/flojoagency\\\/\",\"https:\\\/\\\/x.com\\\/FlojoAgency\",\"https:\\\/\\\/www.instagram.com\\\/flojoagency\\\/\",\"https:\\\/\\\/www.linkedin.com\\\/company-beta\\\/13186034\\\/\",\"https:\\\/\\\/www.pinterest.com\\\/flojoagency\"]}]}<\/script>\n<!-- \/ Yoast SEO plugin. -->","yoast_head_json":{"title":"Politique de confidentialit\u00e9 - Studjoow","description":"Page pas tr\u00e8s interessant mais obligatoire. Pour voir la liste des pages indispensable pour votre site, contactez-nous !","robots":{"index":"index","follow":"follow","max-snippet":"max-snippet:-1","max-image-preview":"max-image-preview:large","max-video-preview":"max-video-preview:-1"},"canonical":"https:\/\/studjoow.com\/en\/politique-de-confidentialite\/","og_locale":"en_US","og_type":"article","og_title":"Politique de confidentialit\u00e9 - Studjoow","og_description":"Page pas tr\u00e8s interessant mais obligatoire. Pour voir la liste des pages indispensable pour votre site, contactez-nous !","og_url":"https:\/\/studjoow.com\/en\/politique-de-confidentialite\/","og_site_name":"Studjoow","article_publisher":"https:\/\/www.facebook.com\/flojoagency\/","article_modified_time":"2020-10-18T10:18:13+00:00","twitter_card":"summary_large_image","twitter_site":"@FlojoAgency","twitter_misc":{"Est. reading time":"4 minutes"},"schema":{"@context":"https:\/\/schema.org","@graph":[{"@type":"WebPage","@id":"https:\/\/studjoow.com\/politique-de-confidentialite\/","url":"https:\/\/studjoow.com\/politique-de-confidentialite\/","name":"Politique de confidentialit\u00e9 - Studjoow","isPartOf":{"@id":"https:\/\/studjoow.com\/#website"},"primaryImageOfPage":{"@id":"https:\/\/studjoow.com\/politique-de-confidentialite\/#primaryimage"},"image":{"@id":"https:\/\/studjoow.com\/politique-de-confidentialite\/#primaryimage"},"thumbnailUrl":"https:\/\/studjoow.com\/wp-content\/uploads\/2020\/10\/Logo-Flojo-Picto-Noir.svg","datePublished":"2020-02-29T21:59:00+00:00","dateModified":"2020-10-18T10:18:13+00:00","description":"Page pas tr\u00e8s interessant mais obligatoire. Pour voir la liste des pages indispensable pour votre site, contactez-nous !","breadcrumb":{"@id":"https:\/\/studjoow.com\/politique-de-confidentialite\/#breadcrumb"},"inLanguage":"en-US","potentialAction":[{"@type":"ReadAction","target":["https:\/\/studjoow.com\/politique-de-confidentialite\/"]}]},{"@type":"ImageObject","inLanguage":"en-US","@id":"https:\/\/studjoow.com\/politique-de-confidentialite\/#primaryimage","url":"https:\/\/studjoow.com\/wp-content\/uploads\/2020\/10\/Logo-Flojo-Picto-Noir.svg","contentUrl":"https:\/\/studjoow.com\/wp-content\/uploads\/2020\/10\/Logo-Flojo-Picto-Noir.svg"},{"@type":"BreadcrumbList","@id":"https:\/\/studjoow.com\/politique-de-confidentialite\/#breadcrumb","itemListElement":[{"@type":"ListItem","position":1,"name":"Accueil","item":"https:\/\/studjoow.com\/"},{"@type":"ListItem","position":2,"name":"Politique de confidentialit\u00e9"}]},{"@type":"WebSite","@id":"https:\/\/studjoow.com\/#website","url":"https:\/\/studjoow.com\/","name":"Studjoow","description":"Cr\u00e9ez, optimisez, r\u00e9inventez vos id\u00e9es","publisher":{"@id":"https:\/\/studjoow.com\/#organization"},"potentialAction":[{"@type":"SearchAction","target":{"@type":"EntryPoint","urlTemplate":"https:\/\/studjoow.com\/?s={search_term_string}"},"query-input":{"@type":"PropertyValueSpecification","valueRequired":true,"valueName":"search_term_string"}}],"inLanguage":"en-US"},{"@type":"Organization","@id":"https:\/\/studjoow.com\/#organization","name":"Studjoow","url":"https:\/\/studjoow.com\/","logo":{"@type":"ImageObject","inLanguage":"en-US","@id":"https:\/\/studjoow.com\/#\/schema\/logo\/image\/","url":"https:\/\/studjoow.com\/wp-content\/uploads\/2025\/01\/Studjoow-google.png","contentUrl":"https:\/\/studjoow.com\/wp-content\/uploads\/2025\/01\/Studjoow-google.png","width":871,"height":871,"caption":"Studjoow"},"image":{"@id":"https:\/\/studjoow.com\/#\/schema\/logo\/image\/"},"sameAs":["https:\/\/www.facebook.com\/flojoagency\/","https:\/\/x.com\/FlojoAgency","https:\/\/www.instagram.com\/flojoagency\/","https:\/\/www.linkedin.com\/company-beta\/13186034\/","https:\/\/www.pinterest.com\/flojoagency"]}]}},"_links":{"self":[{"href":"https:\/\/studjoow.com\/en\/wp-json\/wp\/v2\/pages\/83478","targetHints":{"allow":["GET"]}}],"collection":[{"href":"https:\/\/studjoow.com\/en\/wp-json\/wp\/v2\/pages"}],"about":[{"href":"https:\/\/studjoow.com\/en\/wp-json\/wp\/v2\/types\/page"}],"author":[{"embeddable":true,"href":"https:\/\/studjoow.com\/en\/wp-json\/wp\/v2\/users\/1"}],"replies":[{"embeddable":true,"href":"https:\/\/studjoow.com\/en\/wp-json\/wp\/v2\/comments?post=83478"}],"version-history":[{"count":0,"href":"https:\/\/studjoow.com\/en\/wp-json\/wp\/v2\/pages\/83478\/revisions"}],"wp:featuredmedia":[{"embeddable":true,"href":"https:\/\/studjoow.com\/en\/wp-json\/wp\/v2\/media\/85720"}],"wp:attachment":[{"href":"https:\/\/studjoow.com\/en\/wp-json\/wp\/v2\/media?parent=83478"}],"curies":[{"name":"wp","href":"https:\/\/api.w.org\/{rel}","templated":true}]}}