{"id":82999,"date":"2020-02-26T10:47:28","date_gmt":"2020-02-26T09:47:28","guid":{"rendered":"http:\/\/2020.flojoagency.com\/?page_id=82999"},"modified":"2025-02-05T11:04:54","modified_gmt":"2025-02-05T10:04:54","slug":"on-en-parle","status":"publish","type":"page","link":"https:\/\/studjoow.com\/en\/on-en-parle\/","title":{"rendered":"Let's talk about it!"},"content":{"rendered":"<div class=\"wpb-content-wrapper\"><div data-parent=\"true\" class=\"vc_row style-color-283245-bg row-container onepage-section\" data-label=\"About Us\" data-name=\"about-us\" id=\"row-unique-0\"><div class=\"row-background background-element\">\n\t\t\t\t\t\t\t\t\t\t\t<div class=\"background-wrapper\">\n\t\t\t\t\t\t\t\t\t\t\t\t<div class=\"background-inner\" style=\"background-image: url(https:\/\/studjoow.com\/wp-content\/uploads\/2025\/01\/Studjoow-Slider-Background-2.png);background-repeat: no-repeat;background-position: center top;background-attachment: scroll;background-size: cover;\"><\/div>\n\t\t\t\t\t\t\t\t\t\t\t\t\n\t\t\t\t\t\t\t\t\t\t\t<\/div>\n\t\t\t\t\t\t\t\t\t\t<\/div><div class=\"row triple-top-padding triple-bottom-padding single-h-padding full-width row-parent\"><div class=\"wpb_row row-inner\"><div class=\"wpb_column pos-middle pos-center align_center column_parent col-lg-12 double-internal-gutter\"><div class=\"uncol style-dark\"  ><div class=\"uncoltable\"><div class=\"uncell no-block-padding\" ><div class=\"uncont\" ><div class=\"vc_custom_heading_wrap \"><div class=\"heading-text el-text\" ><h1 class=\"fontsize-160206\" ><span>On en parle ?<\/span><\/h1><\/div><div class=\"clear\"><\/div><\/div><\/div><\/div><\/div><\/div><\/div><script id=\"script-row-unique-0\" data-row=\"script-row-unique-0\" type=\"text\/javascript\" class=\"vc_controls\">UNCODE.initRow(document.getElementById(\"row-unique-0\"));<\/script><\/div><\/div><\/div><div data-parent=\"true\" class=\"vc_row row-container\" id=\"row-unique-1\"><div class=\"row col-half-gutter quad-top-padding quad-bottom-padding single-h-padding full-width row-parent\" data-height-ratio=\"full\" style=\"max-width:1500px; margin-left:auto; margin-right:auto;\"><div class=\"wpb_row row-inner\"><div class=\"wpb_column pos-middle pos-center align_center column_parent col-lg-6 half-internal-gutter\"><div class=\"uncol style-light\"  ><div class=\"uncoltable\"><div class=\"uncell  vc_custom_1736437452146 border-color-gyho-color single-block-padding style-color-xsdn-bg  unradius-xl\" style=\"border-style: solid;border-top-width: 1px ;border-right-width: 1px ;border-bottom-width: 1px ;border-left-width: 1px ;\" ><div class=\"uncont\" ><div class=\"vc_custom_heading_wrap \"><div class=\"heading-text el-text\" ><h2 class=\"h1\" ><span>Prendre rendez-vous<\/span><\/h2><\/div><div class=\"clear\"><\/div><\/div><div class=\"uncode_text_column\" ><p>Vous souhaitez nous parler de votre projet ou juste prendre rendez-vous pour avancer ?<\/p>\n<p>Cliquez sur le bouton ci-dessous ou r\u00e9servez directement votre meilleur cr\u00e9neau pour que nous puissions discuter ensemble.<\/p>\n<\/div>\n\t<div class=\"wpb_raw_code wpb_raw_html \" >\n\t\t<div class=\"wpb_wrapper\">\n\t\t\t<!-- D\u00e9but de widget en ligne Calendly -->\n<div class=\"calendly-inline-widget\" data-url=\"https:\/\/calendly.com\/studjoow\/rdv?hide_event_type_details=1&hide_gdpr_banner=1\" style=\"min-width:320px;height:700px;\"><\/div>\n<script type=\"text\/javascript\" src=\"https:\/\/assets.calendly.com\/assets\/external\/widget.js\" async><\/script>\n<!-- Fin de widget en ligne Calendly -->\n\t\t<\/div>\n\t<\/div>\n<\/div><\/div><\/div><\/div><\/div><div class=\"wpb_column pos-middle pos-center align_center column_parent col-lg-6 half-internal-gutter\"><div class=\"uncol style-dark unexpand\"  ><div class=\"uncoltable\" style=\"min-height: 33vh;\"><div class=\"uncell single-block-padding style-color-211822-bg  unradius-hg\" ><div class=\"uncont\" ><div class=\"vc_custom_heading_wrap \"><div class=\"heading-text el-text\" ><h2 class=\"h1\" ><span>Nous envoyer un mail<\/span><\/h2><\/div><div class=\"clear\"><\/div><\/div>\n\t<div class=\"wpb_raw_code wpb_raw_html \" >\n\t\t<div class=\"wpb_wrapper\">\n\t\t\t<style id=\"wpforms-css-vars-88161\">\n\t\t\t\t#wpforms-88161 {\n\t\t\t\t\n\t\t\t}\n\t\t\t<\/style><div class=\"wpforms-container wpforms-container-full wpforms-render-modern\" id=\"wpforms-88161\"><form id=\"wpforms-form-88161\" class=\"wpforms-validate wpforms-form wpforms-ajax-form\" data-formid=\"88161\" method=\"post\" enctype=\"multipart\/form-data\" action=\"\/en\/wp-json\/wp\/v2\/pages\/82999\" data-token=\"fc5821ebfcf416263e0d8a05896f8152\" data-token-time=\"1777712307\"><noscript class=\"wpforms-error-noscript\">Please enable JavaScript in your browser to complete this form.<\/noscript><div id=\"wpforms-error-noscript\" style=\"display: none;\">Please enable JavaScript in your browser to complete this form.<\/div><div class=\"wpforms-field-container\"><div id=\"wpforms-88161-field_1-container\" class=\"wpforms-field wpforms-field-name\" data-field-id=\"1\"><fieldset><legend class=\"wpforms-field-label\">Vos coordonn\u00e9s <span class=\"wpforms-required-label\" aria-hidden=\"true\">*<\/span><\/legend><div class=\"wpforms-field-row wpforms-field-large\"><div class=\"wpforms-field-row-block wpforms-first wpforms-one-half\"><input type=\"text\" id=\"wpforms-88161-field_1\" class=\"wpforms-field-name-first wpforms-field-required\" name=\"wpforms[fields][1][first]\" aria-errormessage=\"wpforms-88161-field_1-error\" required><label for=\"wpforms-88161-field_1\" class=\"wpforms-field-sublabel after\">First<\/label><\/div><div class=\"wpforms-field-row-block wpforms-one-half\"><input type=\"text\" id=\"wpforms-88161-field_1-last\" class=\"wpforms-field-name-last wpforms-field-required\" name=\"wpforms[fields][1][last]\" aria-errormessage=\"wpforms-88161-field_1-last-error\" required><label for=\"wpforms-88161-field_1-last\" class=\"wpforms-field-sublabel after\">Last<\/label><\/div><\/div><\/fieldset><\/div>\t\t<div id=\"wpforms-88161-field_5-container\"\n\t\t\tclass=\"wpforms-field wpforms-field-text\"\n\t\t\tdata-field-type=\"text\"\n\t\t\tdata-field-id=\"5\"\n\t\t\t>\n\t\t\t<label class=\"wpforms-field-label\" for=\"wpforms-88161-field_5\" >Votre coordonn\u00e9s Vos<\/label>\n\t\t\t<input type=\"text\" id=\"wpforms-88161-field_5\" class=\"wpforms-field-medium\" name=\"wpforms[fields][5]\" >\n\t\t<\/div>\n\t\t<div id=\"wpforms-88161-field_2-container\" class=\"wpforms-field wpforms-field-email\" data-field-id=\"2\"><label class=\"wpforms-field-label\" for=\"wpforms-88161-field_2\">Votre e-mail <span class=\"wpforms-required-label\" aria-hidden=\"true\">*<\/span><\/label><input type=\"email\" id=\"wpforms-88161-field_2\" class=\"wpforms-field-large wpforms-field-required\" name=\"wpforms[fields][2]\" spellcheck=\"false\" aria-errormessage=\"wpforms-88161-field_2-error\" required><\/div><div id=\"wpforms-88161-field_4-container\" class=\"wpforms-field wpforms-field-select wpforms-field-select-style-classic\" data-field-id=\"4\"><label class=\"wpforms-field-label\" for=\"wpforms-88161-field_4\">Objet de votre demande <span class=\"wpforms-required-label\" aria-hidden=\"true\">*<\/span><\/label><select id=\"wpforms-88161-field_4\" class=\"wpforms-field-large wpforms-field-required\" name=\"wpforms[fields][4]\" required=\"required\"><option value=\"Demande de devis\"  class=\"choice-1 depth-1\"  >Demande de devis<\/option><option value=\"Partenariat\"  class=\"choice-2 depth-1\"  >Partenariat<\/option><option value=\"Informations\"  class=\"choice-3 depth-1\"  >Informations<\/option><option value=\"Autre\"  class=\"choice-4 depth-1\"  >Autre<\/option><\/select><\/div><div id=\"wpforms-88161-field_3-container\" class=\"wpforms-field wpforms-field-textarea\" data-field-id=\"3\"><label class=\"wpforms-field-label\" for=\"wpforms-88161-field_3\">Votre message <span class=\"wpforms-required-label\" aria-hidden=\"true\">*<\/span><\/label><textarea id=\"wpforms-88161-field_3\" class=\"wpforms-field-small wpforms-field-required wpforms-limit-characters-enabled\" data-form-id=\"88161\" data-field-id=\"3\" data-text-limit=\"500\" name=\"wpforms[fields][3]\" aria-errormessage=\"wpforms-88161-field_3-error\" maxlength=\"500\" required><\/textarea><\/div><script>\n\t\t\t\t( function() {\n\t\t\t\t\tconst style = document.createElement( 'style' );\n\t\t\t\t\tstyle.appendChild( document.createTextNode( '#wpforms-88161-field_5-container { position: absolute !important; overflow: hidden !important; display: inline !important; height: 1px !important; width: 1px !important; z-index: -1000 !important; padding: 0 !important; } #wpforms-88161-field_5-container input { visibility: hidden; } #wpforms-conversational-form-page #wpforms-88161-field_5-container label { counter-increment: none; }' ) );\n\t\t\t\t\tdocument.head.appendChild( style );\n\t\t\t\t\tdocument.currentScript?.remove();\n\t\t\t\t} )();\n\t\t\t<\/script><\/div><!-- .wpforms-field-container --><div class=\"wpforms-recaptcha-container wpforms-is-recaptcha wpforms-is-recaptcha-type-v3\" ><input type=\"hidden\" name=\"wpforms[recaptcha]\" value=\"\"><\/div><div class=\"wpforms-submit-container\" ><input type=\"hidden\" name=\"wpforms[id]\" value=\"88161\"><input type=\"hidden\" name=\"page_title\" value=\"\"><input type=\"hidden\" name=\"page_url\" value=\"https:\/\/studjoow.com\/en\/wp-json\/wp\/v2\/pages\/82999\"><input type=\"hidden\" name=\"url_referer\" value=\"\"><button type=\"submit\" name=\"wpforms[submit]\" id=\"wpforms-submit-88161\" class=\"wpforms-submit\" data-alt-text=\"Envoi en cours\" data-submit-text=\"Envoyer ma demande\" aria-live=\"assertive\" value=\"wpforms-submit\">Envoyer ma demande<\/button><img decoding=\"async\" src=\"https:\/\/studjoow.com\/wp-content\/plugins\/wpforms-lite\/assets\/images\/submit-spin.svg\" class=\"wpforms-submit-spinner\" style=\"display: none;\" width=\"26\" height=\"26\" alt=\"Loading\"><\/div><\/form><\/div>  <!-- .wpforms-container -->\n\t\t<\/div>\n\t<\/div>\n<\/div><\/div><\/div><\/div><\/div><script id=\"script-row-unique-1\" data-row=\"script-row-unique-1\" type=\"text\/javascript\" class=\"vc_controls\">UNCODE.initRow(document.getElementById(\"row-unique-1\"));<\/script><\/div><\/div><\/div><div data-parent=\"true\" class=\"vc_row style-color-100851-bg row-container mobile-hidden\" id=\"row-unique-2\"><div class=\"row unequal double-top-padding double-bottom-padding single-h-padding limit-width row-parent\"><div class=\"wpb_row row-inner\"><div class=\"wpb_column pos-top pos-center align_center column_parent col-lg-12 double-internal-gutter\"><div class=\"uncol style-dark\"  ><div class=\"uncoltable\"><div class=\"uncell no-block-padding\" ><div class=\"uncont\" ><div class=\"animate_when_almost_visible zoom-in icon-box icon-box-top  icon-inline\" data-delay=\"200\"><div class=\"icon-box-icon fa-container\" style=\"margin-bottom: 0px;\"><a role=\"button\" href=\"https:\/\/wa.me\/33177384652\" title=\"Notre WhatsApp\" aria-label=\"Notre WhatsApp\" target=\"_blank\" class=\"fa fa-stack fa-2x btn-default fa-rounded custom-link\"><i class=\"fa fa-whatsapp\"><\/i><\/a><\/div><\/div><div class=\"animate_when_almost_visible zoom-in icon-box icon-box-top  icon-inline\" data-delay=\"200\"><div class=\"icon-box-icon fa-container\" style=\"margin-bottom: 0px;\"><a role=\"button\" href=\"https:\/\/www.facebook.com\/flojoagency\/\" title=\"Notre Facebook\" aria-label=\"Notre Facebook\" target=\"_blank\" class=\"fa fa-stack fa-2x btn-default fa-rounded custom-link\"><i class=\"fa fa-social-facebook\"><\/i><\/a><\/div><\/div><div class=\"animate_when_almost_visible zoom-in icon-box icon-box-top  icon-inline\" data-delay=\"300\"><div class=\"icon-box-icon fa-container\" style=\"margin-bottom: 0px;\"><a role=\"button\" href=\"https:\/\/twitter.com\/FlojoAgency\" title=\"Notre Twitter\" aria-label=\"Notre Twitter\" target=\"_blank\" class=\"fa fa-stack fa-2x btn-default fa-rounded custom-link\"><i class=\"fa fa-social-twitter\"><\/i><\/a><\/div><\/div><div class=\"animate_when_almost_visible zoom-in icon-box icon-box-top  icon-inline\" data-delay=\"400\"><div class=\"icon-box-icon fa-container\" style=\"margin-bottom: 0px;\"><a role=\"button\" href=\"https:\/\/www.pinterest.com\/flojoagency\" title=\"Notre Pinterest\" aria-label=\"Notre Pinterest\" target=\"_blank\" class=\"fa fa-stack fa-2x btn-default fa-rounded custom-link\"><i class=\"fa fa-pinterest\"><\/i><\/a><\/div><\/div><div class=\"animate_when_almost_visible zoom-in icon-box icon-box-top  icon-inline\" data-delay=\"600\"><div class=\"icon-box-icon fa-container\" style=\"margin-bottom: 0px;\"><a role=\"button\" href=\"https:\/\/www.instagram.com\/flojoagency\/\" title=\"Notre Instagram\" aria-label=\"Notre Instagram\" target=\"_blank\" class=\"fa fa-stack fa-2x btn-default fa-rounded custom-link\"><i class=\"fa fa-instagram\"><\/i><\/a><\/div><\/div><div class=\"animate_when_almost_visible zoom-in icon-box icon-box-top  icon-inline\" data-delay=\"500\"><div class=\"icon-box-icon fa-container\" style=\"margin-bottom: 0px;\"><a role=\"button\" href=\"https:\/\/www.linkedin.com\/company-beta\/13186034\/\" title=\"Notre LinkedIn\" aria-label=\"Notre LinkedIn\" target=\"_blank\" class=\"fa fa-stack fa-2x btn-default fa-rounded custom-link\"><i class=\"fa fa-linkedin\"><\/i><\/a><\/div><\/div><\/div><\/div><\/div><\/div><\/div><script id=\"script-row-unique-2\" data-row=\"script-row-unique-2\" type=\"text\/javascript\" class=\"vc_controls\">UNCODE.initRow(document.getElementById(\"row-unique-2\"));<\/script><\/div><\/div><\/div>\n<\/div>","protected":false},"excerpt":{"rendered":"On en parle ?Prendre rendez-vousVous souhaitez nous parler de votre projet ou juste prendre rendez-vous pour avancer ? Cliquez sur [...]","protected":false},"author":1,"featured_media":87813,"parent":0,"menu_order":0,"comment_status":"closed","ping_status":"closed","template":"","meta":{"om_disable_all_campaigns":false,"_monsterinsights_skip_tracking":false,"_monsterinsights_sitenote_active":false,"_monsterinsights_sitenote_note":"","_monsterinsights_sitenote_category":0,"footnotes":""},"class_list":["post-82999","page","type-page","status-publish","has-post-thumbnail","hentry"],"yoast_head":"<!-- This site is optimized with the Yoast SEO plugin v27.5 - https:\/\/yoast.com\/product\/yoast-seo-wordpress\/ -->\n<title>Une question ? un projet ? On s&#039;en parle avec Studjoow ?<\/title>\n<meta name=\"description\" content=\"Besoin d\u2019\u00e9changer sur votre projet ? Prenez contact ou planifiez un rendez-vous directement en ligne. On s\u2019en parle ?\" \/>\n<meta name=\"robots\" content=\"index, follow, max-snippet:-1, max-image-preview:large, max-video-preview:-1\" \/>\n<link rel=\"canonical\" href=\"https:\/\/studjoow.com\/en\/on-en-parle\/\" \/>\n<meta property=\"og:locale\" content=\"en_US\" \/>\n<meta property=\"og:type\" content=\"article\" \/>\n<meta property=\"og:title\" content=\"Une question ? un projet ? On s&#039;en parle avec Studjoow ?\" \/>\n<meta property=\"og:description\" content=\"Besoin d\u2019\u00e9changer sur votre projet ? Prenez contact ou planifiez un rendez-vous directement en ligne. On s\u2019en parle ?\" \/>\n<meta property=\"og:url\" content=\"https:\/\/studjoow.com\/en\/on-en-parle\/\" \/>\n<meta property=\"og:site_name\" content=\"Studjoow\" \/>\n<meta property=\"article:publisher\" content=\"https:\/\/www.facebook.com\/flojoagency\/\" \/>\n<meta property=\"article:modified_time\" content=\"2025-02-05T10:04:54+00:00\" \/>\n<meta property=\"og:image\" content=\"https:\/\/studjoow.com\/wp-content\/uploads\/2025\/01\/Studjoow-google.png\" \/>\n\t<meta property=\"og:image:width\" content=\"871\" \/>\n\t<meta property=\"og:image:height\" content=\"871\" \/>\n\t<meta property=\"og:image:type\" content=\"image\/png\" \/>\n<meta name=\"twitter:card\" content=\"summary_large_image\" \/>\n<meta name=\"twitter:site\" content=\"@FlojoAgency\" \/>\n<meta name=\"twitter:label1\" content=\"Est. reading time\" \/>\n\t<meta name=\"twitter:data1\" content=\"2 minutes\" \/>\n<script type=\"application\/ld+json\" class=\"yoast-schema-graph\">{\"@context\":\"https:\\\/\\\/schema.org\",\"@graph\":[{\"@type\":\"WebPage\",\"@id\":\"https:\\\/\\\/studjoow.com\\\/on-en-parle\\\/\",\"url\":\"https:\\\/\\\/studjoow.com\\\/on-en-parle\\\/\",\"name\":\"Une question ? un projet ? On s'en parle avec Studjoow ?\",\"isPartOf\":{\"@id\":\"https:\\\/\\\/studjoow.com\\\/#website\"},\"primaryImageOfPage\":{\"@id\":\"https:\\\/\\\/studjoow.com\\\/on-en-parle\\\/#primaryimage\"},\"image\":{\"@id\":\"https:\\\/\\\/studjoow.com\\\/on-en-parle\\\/#primaryimage\"},\"thumbnailUrl\":\"https:\\\/\\\/studjoow.com\\\/wp-content\\\/uploads\\\/2025\\\/01\\\/Studjoow-google.png\",\"datePublished\":\"2020-02-26T09:47:28+00:00\",\"dateModified\":\"2025-02-05T10:04:54+00:00\",\"description\":\"Besoin d\u2019\u00e9changer sur votre projet ? Prenez contact ou planifiez un rendez-vous directement en ligne. On s\u2019en parle ?\",\"breadcrumb\":{\"@id\":\"https:\\\/\\\/studjoow.com\\\/on-en-parle\\\/#breadcrumb\"},\"inLanguage\":\"en-US\",\"potentialAction\":[{\"@type\":\"ReadAction\",\"target\":[\"https:\\\/\\\/studjoow.com\\\/on-en-parle\\\/\"]}]},{\"@type\":\"ImageObject\",\"inLanguage\":\"en-US\",\"@id\":\"https:\\\/\\\/studjoow.com\\\/on-en-parle\\\/#primaryimage\",\"url\":\"https:\\\/\\\/studjoow.com\\\/wp-content\\\/uploads\\\/2025\\\/01\\\/Studjoow-google.png\",\"contentUrl\":\"https:\\\/\\\/studjoow.com\\\/wp-content\\\/uploads\\\/2025\\\/01\\\/Studjoow-google.png\",\"width\":871,\"height\":871},{\"@type\":\"BreadcrumbList\",\"@id\":\"https:\\\/\\\/studjoow.com\\\/on-en-parle\\\/#breadcrumb\",\"itemListElement\":[{\"@type\":\"ListItem\",\"position\":1,\"name\":\"Accueil\",\"item\":\"https:\\\/\\\/studjoow.com\\\/\"},{\"@type\":\"ListItem\",\"position\":2,\"name\":\"On en parle ?\"}]},{\"@type\":\"WebSite\",\"@id\":\"https:\\\/\\\/studjoow.com\\\/#website\",\"url\":\"https:\\\/\\\/studjoow.com\\\/\",\"name\":\"Studjoow\",\"description\":\"Cr\u00e9ez, optimisez, r\u00e9inventez vos id\u00e9es\",\"publisher\":{\"@id\":\"https:\\\/\\\/studjoow.com\\\/#organization\"},\"potentialAction\":[{\"@type\":\"SearchAction\",\"target\":{\"@type\":\"EntryPoint\",\"urlTemplate\":\"https:\\\/\\\/studjoow.com\\\/?s={search_term_string}\"},\"query-input\":{\"@type\":\"PropertyValueSpecification\",\"valueRequired\":true,\"valueName\":\"search_term_string\"}}],\"inLanguage\":\"en-US\"},{\"@type\":\"Organization\",\"@id\":\"https:\\\/\\\/studjoow.com\\\/#organization\",\"name\":\"Studjoow\",\"url\":\"https:\\\/\\\/studjoow.com\\\/\",\"logo\":{\"@type\":\"ImageObject\",\"inLanguage\":\"en-US\",\"@id\":\"https:\\\/\\\/studjoow.com\\\/#\\\/schema\\\/logo\\\/image\\\/\",\"url\":\"https:\\\/\\\/studjoow.com\\\/wp-content\\\/uploads\\\/2025\\\/01\\\/Studjoow-google.png\",\"contentUrl\":\"https:\\\/\\\/studjoow.com\\\/wp-content\\\/uploads\\\/2025\\\/01\\\/Studjoow-google.png\",\"width\":871,\"height\":871,\"caption\":\"Studjoow\"},\"image\":{\"@id\":\"https:\\\/\\\/studjoow.com\\\/#\\\/schema\\\/logo\\\/image\\\/\"},\"sameAs\":[\"https:\\\/\\\/www.facebook.com\\\/flojoagency\\\/\",\"https:\\\/\\\/x.com\\\/FlojoAgency\",\"https:\\\/\\\/www.instagram.com\\\/flojoagency\\\/\",\"https:\\\/\\\/www.linkedin.com\\\/company-beta\\\/13186034\\\/\",\"https:\\\/\\\/www.pinterest.com\\\/flojoagency\"]}]}<\/script>\n<!-- \/ Yoast SEO plugin. -->","yoast_head_json":{"title":"Une question ? un projet ? On s'en parle avec Studjoow ?","description":"Besoin d\u2019\u00e9changer sur votre projet ? Prenez contact ou planifiez un rendez-vous directement en ligne. On s\u2019en parle ?","robots":{"index":"index","follow":"follow","max-snippet":"max-snippet:-1","max-image-preview":"max-image-preview:large","max-video-preview":"max-video-preview:-1"},"canonical":"https:\/\/studjoow.com\/en\/on-en-parle\/","og_locale":"en_US","og_type":"article","og_title":"Une question ? un projet ? On s'en parle avec Studjoow ?","og_description":"Besoin d\u2019\u00e9changer sur votre projet ? Prenez contact ou planifiez un rendez-vous directement en ligne. On s\u2019en parle ?","og_url":"https:\/\/studjoow.com\/en\/on-en-parle\/","og_site_name":"Studjoow","article_publisher":"https:\/\/www.facebook.com\/flojoagency\/","article_modified_time":"2025-02-05T10:04:54+00:00","og_image":[{"width":871,"height":871,"url":"https:\/\/studjoow.com\/wp-content\/uploads\/2025\/01\/Studjoow-google.png","type":"image\/png"}],"twitter_card":"summary_large_image","twitter_site":"@FlojoAgency","twitter_misc":{"Est. reading time":"2 minutes"},"schema":{"@context":"https:\/\/schema.org","@graph":[{"@type":"WebPage","@id":"https:\/\/studjoow.com\/on-en-parle\/","url":"https:\/\/studjoow.com\/on-en-parle\/","name":"Une question ? un projet ? On s'en parle avec Studjoow ?","isPartOf":{"@id":"https:\/\/studjoow.com\/#website"},"primaryImageOfPage":{"@id":"https:\/\/studjoow.com\/on-en-parle\/#primaryimage"},"image":{"@id":"https:\/\/studjoow.com\/on-en-parle\/#primaryimage"},"thumbnailUrl":"https:\/\/studjoow.com\/wp-content\/uploads\/2025\/01\/Studjoow-google.png","datePublished":"2020-02-26T09:47:28+00:00","dateModified":"2025-02-05T10:04:54+00:00","description":"Besoin d\u2019\u00e9changer sur votre projet ? Prenez contact ou planifiez un rendez-vous directement en ligne. On s\u2019en parle ?","breadcrumb":{"@id":"https:\/\/studjoow.com\/on-en-parle\/#breadcrumb"},"inLanguage":"en-US","potentialAction":[{"@type":"ReadAction","target":["https:\/\/studjoow.com\/on-en-parle\/"]}]},{"@type":"ImageObject","inLanguage":"en-US","@id":"https:\/\/studjoow.com\/on-en-parle\/#primaryimage","url":"https:\/\/studjoow.com\/wp-content\/uploads\/2025\/01\/Studjoow-google.png","contentUrl":"https:\/\/studjoow.com\/wp-content\/uploads\/2025\/01\/Studjoow-google.png","width":871,"height":871},{"@type":"BreadcrumbList","@id":"https:\/\/studjoow.com\/on-en-parle\/#breadcrumb","itemListElement":[{"@type":"ListItem","position":1,"name":"Accueil","item":"https:\/\/studjoow.com\/"},{"@type":"ListItem","position":2,"name":"On en parle ?"}]},{"@type":"WebSite","@id":"https:\/\/studjoow.com\/#website","url":"https:\/\/studjoow.com\/","name":"Studjoow","description":"Cr\u00e9ez, optimisez, r\u00e9inventez vos id\u00e9es","publisher":{"@id":"https:\/\/studjoow.com\/#organization"},"potentialAction":[{"@type":"SearchAction","target":{"@type":"EntryPoint","urlTemplate":"https:\/\/studjoow.com\/?s={search_term_string}"},"query-input":{"@type":"PropertyValueSpecification","valueRequired":true,"valueName":"search_term_string"}}],"inLanguage":"en-US"},{"@type":"Organization","@id":"https:\/\/studjoow.com\/#organization","name":"Studjoow","url":"https:\/\/studjoow.com\/","logo":{"@type":"ImageObject","inLanguage":"en-US","@id":"https:\/\/studjoow.com\/#\/schema\/logo\/image\/","url":"https:\/\/studjoow.com\/wp-content\/uploads\/2025\/01\/Studjoow-google.png","contentUrl":"https:\/\/studjoow.com\/wp-content\/uploads\/2025\/01\/Studjoow-google.png","width":871,"height":871,"caption":"Studjoow"},"image":{"@id":"https:\/\/studjoow.com\/#\/schema\/logo\/image\/"},"sameAs":["https:\/\/www.facebook.com\/flojoagency\/","https:\/\/x.com\/FlojoAgency","https:\/\/www.instagram.com\/flojoagency\/","https:\/\/www.linkedin.com\/company-beta\/13186034\/","https:\/\/www.pinterest.com\/flojoagency"]}]}},"_links":{"self":[{"href":"https:\/\/studjoow.com\/en\/wp-json\/wp\/v2\/pages\/82999","targetHints":{"allow":["GET"]}}],"collection":[{"href":"https:\/\/studjoow.com\/en\/wp-json\/wp\/v2\/pages"}],"about":[{"href":"https:\/\/studjoow.com\/en\/wp-json\/wp\/v2\/types\/page"}],"author":[{"embeddable":true,"href":"https:\/\/studjoow.com\/en\/wp-json\/wp\/v2\/users\/1"}],"replies":[{"embeddable":true,"href":"https:\/\/studjoow.com\/en\/wp-json\/wp\/v2\/comments?post=82999"}],"version-history":[{"count":0,"href":"https:\/\/studjoow.com\/en\/wp-json\/wp\/v2\/pages\/82999\/revisions"}],"wp:featuredmedia":[{"embeddable":true,"href":"https:\/\/studjoow.com\/en\/wp-json\/wp\/v2\/media\/87813"}],"wp:attachment":[{"href":"https:\/\/studjoow.com\/en\/wp-json\/wp\/v2\/media?parent=82999"}],"curies":[{"name":"wp","href":"https:\/\/api.w.org\/{rel}","templated":true}]}}